{"id":10966,"date":"2025-04-24T03:08:30","date_gmt":"2025-04-24T03:08:30","guid":{"rendered":"https:\/\/outsideexposures.com\/?page_id=10966"},"modified":"2026-03-08T00:20:29","modified_gmt":"2026-03-08T00:20:29","slug":"10966-2","status":"publish","type":"page","link":"https:\/\/outsideexposures.com\/","title":{"rendered":""},"content":{"rendered":"\n<div class=\"wp-block-cover alignfull has-white-color has-text-color has-link-color wp-elements-58c4abfd68d24a4f848f5061f6be9227\" style=\"min-height:377px;aspect-ratio:unset;\"><span aria-hidden=\"true\" class=\"wp-block-cover__background has-secondary-background-color has-background-dim-20 has-background-dim\"><\/span><img fetchpriority=\"high\" decoding=\"async\" width=\"2560\" height=\"1707\" class=\"wp-block-cover__image-background wp-image-11086\" alt=\"\" src=\"https:\/\/outsideexposures.com\/wp-content\/uploads\/2026\/03\/R0007166-scaled.jpg\" style=\"object-position:53% 51%\" data-object-fit=\"cover\" data-object-position=\"53% 51%\" srcset=\"https:\/\/outsideexposures.com\/wp-content\/uploads\/2026\/03\/R0007166-scaled.jpg 2560w, https:\/\/outsideexposures.com\/wp-content\/uploads\/2026\/03\/R0007166-300x200.jpg 300w, https:\/\/outsideexposures.com\/wp-content\/uploads\/2026\/03\/R0007166-1024x683.jpg 1024w, https:\/\/outsideexposures.com\/wp-content\/uploads\/2026\/03\/R0007166-2000x1333.jpg 2000w\" sizes=\"(max-width: 2560px) 100vw, 2560px\" \/><div class=\"wp-block-cover__inner-container has-global-padding is-layout-constrained wp-block-cover-is-layout-constrained\">\n<h2 class=\"wp-block-heading has-text-align-center has-white-color has-text-color has-link-color wp-elements-145cbe2d38e75fb7b839a3b018e8812f\" style=\"font-size:clamp(34.313px, 2.145rem + ((1vw - 3.2px) * 2.45), 62px);\"><strong>Passionate about travel? <\/strong><br><strong>Us too.<\/strong><\/h2>\n<\/div><\/div>\n\n\n\n<div id=\"services\" class=\"wp-block-group pattern_multiple_covers has-global-padding is-layout-constrained wp-block-group-is-layout-constrained\">\n<h2 class=\"wp-block-heading has-text-align-center has-large-font-size\">Get your trip VIP&#8217;ed<\/h2>\n\n\n\n<p class=\"has-text-align-center\">Work with a luxury travel advisor to get exclusive perks when you book a trip. Our clients get benefits like complimentary breakfast, hotel credit, priority on room upgrades, access to special promos, and more.<\/p>\n\n\n\n<p class=\"has-text-align-center\">From bespoke vacations to  VIP status on personal and business stays, we help craft luxury travel experiences all around the world. Want to know more? <\/p>\n\n\n\n<div class=\"wp-block-buttons is-content-justification-center is-layout-flex wp-container-core-buttons-is-layout-1 wp-block-buttons-is-layout-flex\">\n<div class=\"wp-block-button\"><a class=\"wp-block-button__link has-text-align-center wp-element-button\" href=\"mailto:sherman@sarahwlee.com\">Email Sherman<\/a><\/div>\n\n\n\n<div class=\"wp-block-button is-style-outline is-style-outline--1\"><a class=\"wp-block-button__link has-text-align-center wp-element-button\" href=\"https:\/\/outsideexposures.com\/index.php\/2024\/11\/02\/how-using-a-luxury-travel-advisor-can-level-up-your-next-vacation\/\">Why use a travel advisor<\/a><\/div>\n<\/div>\n<\/div>\n\n\n\n<div id=\"services\" class=\"wp-block-group pattern_multiple_covers has-global-padding is-layout-constrained wp-block-group-is-layout-constrained\">\n<div style=\"height:9px\" aria-hidden=\"true\" class=\"wp-block-spacer\"><\/div>\n\n\n\n<h2 class=\"wp-block-heading has-text-align-center has-large-font-size\">Turn our experience into your expertise<\/h2>\n\n\n\n<div class=\"wp-block-columns is-layout-flex wp-container-core-columns-is-layout-1 wp-block-columns-is-layout-flex\">\n<div class=\"wp-block-column is-layout-flow wp-block-column-is-layout-flow\" style=\"flex-basis:100%\">\n<div class=\"wp-block-cover alignwide wp-duotone-101010-f8eee0-5\" style=\"min-height:248px;aspect-ratio:unset;\"><span aria-hidden=\"true\" class=\"wp-block-cover__background has-background-dim\"><\/span><img decoding=\"async\" width=\"1024\" height=\"576\" class=\"wp-block-cover__image-background wp-image-10998\" alt=\"Couple in vehicle parked in front of shiprock monument, new mexico\" src=\"https:\/\/outsideexposures.com\/wp-content\/uploads\/2025\/04\/DJI_0153-1024x576.jpeg\" data-object-fit=\"cover\" srcset=\"https:\/\/outsideexposures.com\/wp-content\/uploads\/2025\/04\/DJI_0153-1024x576.jpeg 1024w, https:\/\/outsideexposures.com\/wp-content\/uploads\/2025\/04\/DJI_0153-300x169.jpeg 300w, https:\/\/outsideexposures.com\/wp-content\/uploads\/2025\/04\/DJI_0153-2000x1125.jpeg 2000w\" sizes=\"(max-width: 1024px) 100vw, 1024px\" \/><div class=\"wp-block-cover__inner-container is-layout-flow wp-block-cover-is-layout-flow\">\n<p class=\"has-text-align-center\">Not quite ready to book your trip? Get inspired by our recent travels.<\/p>\n\n\n\n<div class=\"wp-block-buttons alignfull is-content-justification-center is-layout-flex wp-container-core-buttons-is-layout-2 wp-block-buttons-is-layout-flex\">\n<div class=\"wp-block-button is-style-outline is-style-outline--2\"><a class=\"wp-block-button__link wp-element-button\" href=\"https:\/\/outsideexposures.com\/index.php\/category\/blog\/hotelreview\/\"><mark style=\"background-color:rgba(0, 0, 0, 0)\" class=\"has-inline-color has-white-color\">Read our hotel reviews<\/mark><\/a><\/div>\n\n\n\n<div class=\"wp-block-button is-style-outline is-style-outline--3\"><a class=\"wp-block-button__link has-text-align-center wp-element-button\" href=\"https:\/\/outsideexposures.com\/index.php\/category\/blog\/travel-planning\/\"><mark style=\"background-color:rgba(0, 0, 0, 0)\" class=\"has-inline-color has-white-color\">Travel planning tips<\/mark><\/a><\/div>\n\n\n\n<div class=\"wp-block-button is-style-outline is-style-outline--4\"><a class=\"wp-block-button__link has-text-align-center wp-element-button\" href=\"https:\/\/outsideexposures.com\/index.php\/category\/blog\/itineraries\/\"><mark style=\"background-color:rgba(0, 0, 0, 0)\" class=\"has-inline-color has-white-color\">Trip itineraries &amp; guides<\/mark><\/a><\/div>\n<\/div>\n<\/div><\/div>\n<\/div>\n<\/div>\n<\/div>\n\n\n\n<div style=\"height:20px\" aria-hidden=\"true\" class=\"wp-block-spacer\"><\/div>\n\n\n\n<div id=\"news\" class=\"wp-block-group has-global-padding is-layout-constrained wp-block-group-is-layout-constrained\">\n<h2 class=\"wp-block-heading has-text-align-center has-large-font-size\">Recently Published on the Blog<\/h2>\n\n\n\n<p class=\"has-text-align-center\">This space is a product of the countless hours of research and thoughtfulness that goes into each trip we have a hand in. For ourselves and clients alike.&nbsp;We aim to inspire like-minded travelers through first-hand knowledge and helpful tips that we hope will help you get the most out of your next adventure.<\/p>\n\n\n\n<div class=\"wp-block-query is-layout-flow wp-block-query-is-layout-flow\"><ul class=\"columns-3 wp-block-post-template is-layout-grid wp-container-core-post-template-is-layout-1 wp-block-post-template-is-layout-grid\"><li class=\"wp-block-post post-11072 post type-post status-publish format-standard has-post-thumbnail hentry category-argentina category-blog category-hotelreview category-south-america tag-argentina tag-hotel-review tag-hyatt tag-luxury-hotel\">\n<figure style=\"width:100%;height:240px; margin-bottom:var(--wp--preset--spacing--x-small);\" class=\"wp-block-post-featured-image\"><a href=\"https:\/\/outsideexposures.com\/index.php\/2026\/03\/15\/review-of-palacio-duhau-park-hyatt-buenos-aires\/\" target=\"_self\"  style=\"height:240px\"><img decoding=\"async\" width=\"1920\" height=\"2560\" src=\"https:\/\/outsideexposures.com\/wp-content\/uploads\/2026\/03\/IMG_7104-scaled.jpg\" class=\"attachment-post-thumbnail size-post-thumbnail wp-post-image\" alt=\"Review of Palacio Duhau &#8211; Park Hyatt Buenos Aires\" style=\"border-radius:5px;height:240px;object-fit:cover;\" srcset=\"https:\/\/outsideexposures.com\/wp-content\/uploads\/2026\/03\/IMG_7104-scaled.jpg 1920w, https:\/\/outsideexposures.com\/wp-content\/uploads\/2026\/03\/IMG_7104-225x300.jpg 225w, https:\/\/outsideexposures.com\/wp-content\/uploads\/2026\/03\/IMG_7104-768x1024.jpg 768w, https:\/\/outsideexposures.com\/wp-content\/uploads\/2026\/03\/IMG_7104-2000x2667.jpg 2000w\" sizes=\"100vw\" \/><\/a><\/figure>\n\n<div style=\"margin-top:0;margin-bottom:0;\" class=\"has-link-color wp-elements-a1817b6b9e4eaefd5826fde68b0a8fdb wp-block-post-date has-text-color has-tertiary-color\"><time datetime=\"2026-03-15T16:32:11+00:00\">March 15, 2026<\/time><\/div>\n\n<h3 style=\"margin-top:0;margin-bottom:var(--wp--preset--spacing--x-small);\" class=\"has-link-color wp-elements-2e75b4e4fab489cf445e03eda13279d1 wp-block-post-title\"><a href=\"https:\/\/outsideexposures.com\/index.php\/2026\/03\/15\/review-of-palacio-duhau-park-hyatt-buenos-aires\/\" target=\"_self\" >Review of Palacio Duhau &#8211; Park Hyatt Buenos Aires<\/a><\/h3>\n\n<div class=\"has-link-color wp-elements-9c631461523182f0b3569447f0deaf27 wp-block-post-excerpt has-text-color has-tertiary-color\"><p class=\"wp-block-post-excerpt__excerpt\">Buenos Aires is a necessary gateway to much of Argentina, including some spectacular nature like Iguazu Falls and Chilean Patagonia. Or their beautiful lakes region and wine country. With their domestic flight routing, an Argentina trip usually means&hellip;<\/p><p class=\"wp-block-post-excerpt__more-text\"><a class=\"wp-block-post-excerpt__more-link\" href=\"https:\/\/outsideexposures.com\/index.php\/2026\/03\/15\/review-of-palacio-duhau-park-hyatt-buenos-aires\/\"><em>Read more<\/em><\/a><\/p><\/div>\n<\/li><li class=\"wp-block-post post-10987 post type-post status-publish format-standard has-post-thumbnail hentry category-blog category-travel-planning tag-hyatt tag-travel-advisor\">\n<figure style=\"width:100%;height:240px; margin-bottom:var(--wp--preset--spacing--x-small);\" class=\"wp-block-post-featured-image\"><a href=\"https:\/\/outsideexposures.com\/index.php\/2025\/04\/21\/what-to-know-about-hyatt-prive\/\" target=\"_self\"  style=\"height:240px\"><img loading=\"lazy\" decoding=\"async\" width=\"1920\" height=\"1920\" src=\"https:\/\/outsideexposures.com\/wp-content\/uploads\/2024\/04\/The-Cape-Pool-scaled-e1713744012515.jpg\" class=\"attachment-post-thumbnail size-post-thumbnail wp-post-image\" alt=\"What to know about Hyatt Priv\u00e9\" style=\"border-radius:5px;height:240px;object-fit:cover;\" srcset=\"https:\/\/outsideexposures.com\/wp-content\/uploads\/2024\/04\/The-Cape-Pool-scaled-e1713744012515.jpg 1920w, https:\/\/outsideexposures.com\/wp-content\/uploads\/2024\/04\/The-Cape-Pool-scaled-e1713744012515-300x300.jpg 300w, https:\/\/outsideexposures.com\/wp-content\/uploads\/2024\/04\/The-Cape-Pool-scaled-e1713744012515-1024x1024.jpg 1024w, https:\/\/outsideexposures.com\/wp-content\/uploads\/2024\/04\/The-Cape-Pool-scaled-e1713744012515-150x150.jpg 150w, https:\/\/outsideexposures.com\/wp-content\/uploads\/2024\/04\/The-Cape-Pool-scaled-e1713744012515-768x768.jpg 768w, https:\/\/outsideexposures.com\/wp-content\/uploads\/2024\/04\/The-Cape-Pool-scaled-e1713744012515-1536x1536.jpg 1536w\" sizes=\"100vw\" \/><\/a><\/figure>\n\n<div style=\"margin-top:0;margin-bottom:0;\" class=\"has-link-color wp-elements-a1817b6b9e4eaefd5826fde68b0a8fdb wp-block-post-date has-text-color has-tertiary-color\"><time datetime=\"2025-04-21T02:31:05+00:00\">April 21, 2025<\/time><\/div>\n\n<h3 style=\"margin-top:0;margin-bottom:var(--wp--preset--spacing--x-small);\" class=\"has-link-color wp-elements-2e75b4e4fab489cf445e03eda13279d1 wp-block-post-title\"><a href=\"https:\/\/outsideexposures.com\/index.php\/2025\/04\/21\/what-to-know-about-hyatt-prive\/\" target=\"_self\" >What to know about Hyatt Priv\u00e9<\/a><\/h3>\n\n<div class=\"has-link-color wp-elements-9c631461523182f0b3569447f0deaf27 wp-block-post-excerpt has-text-color has-tertiary-color\"><p class=\"wp-block-post-excerpt__excerpt\">Let&#8217;s unpack Hyatt&#8217;s preferred partnership program for travel advisors, Hyatt Priv\u00e9. Booking a Priv\u00e9 rate gets you exclusive benefits for your stay. Sherman is a Hyatt Priv\u00e9 advisor and his clients have access to the benefits offered through&hellip;<\/p><p class=\"wp-block-post-excerpt__more-text\"><a class=\"wp-block-post-excerpt__more-link\" href=\"https:\/\/outsideexposures.com\/index.php\/2025\/04\/21\/what-to-know-about-hyatt-prive\/\"><em>Read more<\/em><\/a><\/p><\/div>\n<\/li><li class=\"wp-block-post post-526 post type-post status-publish format-standard has-post-thumbnail hentry category-blog category-hotelreview category-indonesia tag-hotel-review tag-indonesia tag-luxury-hotel\">\n<figure style=\"width:100%;height:240px; margin-bottom:var(--wp--preset--spacing--x-small);\" class=\"wp-block-post-featured-image\"><a href=\"https:\/\/outsideexposures.com\/index.php\/2025\/03\/30\/nihi-sumba-review-barefoot-luxury-on-indonesias-remote-island\/\" target=\"_self\"  style=\"height:240px\"><img loading=\"lazy\" decoding=\"async\" width=\"2560\" height=\"1440\" src=\"https:\/\/outsideexposures.com\/wp-content\/uploads\/2025\/03\/Nihi-Sumba-drone-scaled.jpg\" class=\"attachment-post-thumbnail size-post-thumbnail wp-post-image\" alt=\"NIHI Sumba Review: Barefoot Luxury on Indonesia&#8217;s Remote Island\" style=\"border-radius:5px;height:240px;object-fit:cover;\" srcset=\"https:\/\/outsideexposures.com\/wp-content\/uploads\/2025\/03\/Nihi-Sumba-drone-scaled.jpg 2560w, https:\/\/outsideexposures.com\/wp-content\/uploads\/2025\/03\/Nihi-Sumba-drone-300x169.jpg 300w, https:\/\/outsideexposures.com\/wp-content\/uploads\/2025\/03\/Nihi-Sumba-drone-1024x576.jpg 1024w, https:\/\/outsideexposures.com\/wp-content\/uploads\/2025\/03\/Nihi-Sumba-drone-768x432.jpg 768w, https:\/\/outsideexposures.com\/wp-content\/uploads\/2025\/03\/Nihi-Sumba-drone-1536x864.jpg 1536w, https:\/\/outsideexposures.com\/wp-content\/uploads\/2025\/03\/Nihi-Sumba-drone-2048x1152.jpg 2048w, https:\/\/outsideexposures.com\/wp-content\/uploads\/2025\/03\/Nihi-Sumba-drone-scaled-2000x1125.jpg 2000w, https:\/\/outsideexposures.com\/wp-content\/uploads\/2025\/03\/Nihi-Sumba-drone-scaled-750x422.jpg 750w\" sizes=\"100vw\" \/><\/a><\/figure>\n\n<div style=\"margin-top:0;margin-bottom:0;\" class=\"has-link-color wp-elements-a1817b6b9e4eaefd5826fde68b0a8fdb wp-block-post-date has-text-color has-tertiary-color\"><time datetime=\"2025-03-30T20:11:07+00:00\">March 30, 2025<\/time><\/div>\n\n<h3 style=\"margin-top:0;margin-bottom:var(--wp--preset--spacing--x-small);\" class=\"has-link-color wp-elements-2e75b4e4fab489cf445e03eda13279d1 wp-block-post-title\"><a href=\"https:\/\/outsideexposures.com\/index.php\/2025\/03\/30\/nihi-sumba-review-barefoot-luxury-on-indonesias-remote-island\/\" target=\"_self\" >NIHI Sumba Review: Barefoot Luxury on Indonesia&#8217;s Remote Island<\/a><\/h3>\n\n<div class=\"has-link-color wp-elements-9c631461523182f0b3569447f0deaf27 wp-block-post-excerpt has-text-color has-tertiary-color\"><p class=\"wp-block-post-excerpt__excerpt\">Situated on an Indonesian island about an hour&#8217;s flight from Bali is a famed resort that promises an experience at &#8220;the edge of wilderness&#8221;. Nihi Sumba has been attracting surfers, honeymooners, and adventurers since it first opened in&hellip;<\/p><p class=\"wp-block-post-excerpt__more-text\"><a class=\"wp-block-post-excerpt__more-link\" href=\"https:\/\/outsideexposures.com\/index.php\/2025\/03\/30\/nihi-sumba-review-barefoot-luxury-on-indonesias-remote-island\/\"><em>Read more<\/em><\/a><\/p><\/div>\n<\/li><\/ul>\n\n<\/div>\n\n\n\n<div style=\"height:85px\" aria-hidden=\"true\" class=\"wp-block-spacer\"><\/div>\n<\/div>\n\n\n\n<div class=\"wp-block-columns is-layout-flex wp-container-core-columns-is-layout-2 wp-block-columns-is-layout-flex\"><\/div>\n\n\n\n<p><\/p>\n","protected":false},"excerpt":{"rendered":"<p>Get your trip VIP&#8217;ed Work with a luxury travel advisor to get exclusive perks when you book a trip. Our clients get benefits like complimentary breakfast, hotel credit, priority on room upgrades, access to special promos, and more. From bespoke vacations to VIP status on personal and business stays, we help craft luxury travel experiences &hellip; <\/p>\n<p class=\"link-more\"><a href=\"https:\/\/outsideexposures.com\/\" class=\"more-link\">Read more<span class=\"screen-reader-text\"> &#8220;&#8221;<\/span><\/a><\/p>\n","protected":false},"author":1,"featured_media":0,"parent":0,"menu_order":0,"comment_status":"closed","ping_status":"closed","template":"","meta":{"_monsterinsights_skip_tracking":false,"_monsterinsights_sitenote_active":false,"_monsterinsights_sitenote_note":"","_monsterinsights_sitenote_category":0,"footnotes":""},"class_list":["post-10966","page","type-page","status-publish","hentry"],"aioseo_notices":[],"_links":{"self":[{"href":"https:\/\/outsideexposures.com\/index.php\/wp-json\/wp\/v2\/pages\/10966","targetHints":{"allow":["GET"]}}],"collection":[{"href":"https:\/\/outsideexposures.com\/index.php\/wp-json\/wp\/v2\/pages"}],"about":[{"href":"https:\/\/outsideexposures.com\/index.php\/wp-json\/wp\/v2\/types\/page"}],"author":[{"embeddable":true,"href":"https:\/\/outsideexposures.com\/index.php\/wp-json\/wp\/v2\/users\/1"}],"replies":[{"embeddable":true,"href":"https:\/\/outsideexposures.com\/index.php\/wp-json\/wp\/v2\/comments?post=10966"}],"version-history":[{"count":34,"href":"https:\/\/outsideexposures.com\/index.php\/wp-json\/wp\/v2\/pages\/10966\/revisions"}],"predecessor-version":[{"id":11089,"href":"https:\/\/outsideexposures.com\/index.php\/wp-json\/wp\/v2\/pages\/10966\/revisions\/11089"}],"wp:attachment":[{"href":"https:\/\/outsideexposures.com\/index.php\/wp-json\/wp\/v2\/media?parent=10966"}],"curies":[{"name":"wp","href":"https:\/\/api.w.org\/{rel}","templated":true}]}}